{"id":7,"date":"2021-07-01T08:52:48","date_gmt":"2021-07-01T08:52:48","guid":{"rendered":"https:\/\/demo.creativethemes.com\/blocksy\/web-agency\/?page_id=7"},"modified":"2021-07-01T08:52:48","modified_gmt":"2021-07-01T08:52:48","slug":"home","status":"publish","type":"page","link":"https:\/\/psydos.com\/es\/","title":{"rendered":"Home"},"content":{"rendered":"\n<div class=\"wp-block-ugb-spacer ugb-spacer ugb-ce064b1 ugb-spacer--v2 ugb-main-block\"><style>@media screen and (min-width:768px){.ugb-ce064b1.ugb-spacer{height:50px !important}}@media screen and (min-width:768px) and (max-width:1025px){.ugb-ce064b1.ugb-spacer{height:0px !important}}@media screen and (max-width:768px){.ugb-ce064b1.ugb-spacer{height:0px !important}}<\/style><div class=\"ugb-inner-block\"><div class=\"ugb-block-content\"><div class=\"ugb-spacer--inner\"><\/div><\/div><\/div><\/div>\n\n\n\n<div class=\"wp-block-ugb-divider ugb-divider ugb-6ee2835 ugb-divider--v2 ugb-divider--design-basic ugb-main-block\"><style>.ugb-6ee2835 hr.ugb-divider__hr{background-color:#ebebeb !important;width:100% !important;margin-left:auto !important;margin-right:auto !important}@media screen and (min-width:768px){.ugb-6ee2835.ugb-divider{margin-bottom:0px !important}}<\/style><div class=\"ugb-inner-block\"><div class=\"ugb-block-content\"><hr class=\"ugb-divider__hr\" \/><\/div><\/div><\/div>\n\n\n\n<div class=\"alignfull wp-block-ugb-header ugb-header ugb-04e47ce ugb-header ugb-header--v3 ugb-header--design-plain ugb-main-block ugb--has-custom-content-width ugb--has-custom-content-width-tablet ugb--has-custom-content-width-mobile ugb-main-block--inner-center ugb--has-block-background ugb--has-background-overlay\"><style>.ugb-04e47ce .ugb-header__title{font-size:66px !important;color:#ffffff}.ugb-04e47ce.ugb-header{justify-content:flex-start;background-image:url(https:\/\/psydos.com\/wp-content\/uploads\/2022\/01\/ash-edmonds-0aWZdK8nK2I-unsplash-scaled.jpg)}.ugb-04e47ce.ugb-header > .ugb-inner-block{max-width:70% !important}.ugb-04e47ce.ugb-header:before{opacity:0.5}@media screen and (max-width:1025px){.ugb-04e47ce .ugb-header__title{font-size:60px !important}.ugb-04e47ce.ugb-header{justify-content:flex-start}.ugb-04e47ce.ugb-header > .ugb-inner-block{max-width:75% !important}}@media screen and (max-width:768px){.ugb-04e47ce .ugb-header__title{font-size:50px !important}.ugb-04e47ce.ugb-header{padding-right:0% !important;padding-left:0% !important;justify-content:flex-start}.ugb-04e47ce.ugb-header > .ugb-inner-block{max-width:90% !important}}<\/style><div class=\"ugb-inner-block ugb-inner-block--center\"><div class=\"ugb-block-content\"><div class=\"ugb-header__item\"><div class=\"ugb-content-wrapper\"><h1 class=\"ugb-header__title\">Dosis de Psicolog\u00eda<\/h1><\/div><\/div><\/div><\/div><\/div>\n\n\n\n<div class=\"wp-block-ugb-heading ugb-heading ugb-4b4deb0 ugb-main-block ugb--has-custom-content-width\"><style>.ugb-4b4deb0 .ugb-heading__title{text-align:center}.ugb-4b4deb0 .ugb-heading__subtitle{margin-bottom:0px !important}.ugb-4b4deb0 .ugb-inner-block{text-align:center}.ugb-4b4deb0.ugb-heading > .ugb-inner-block{max-width:700px !important}@media screen and (min-width:768px){.ugb-4b4deb0.ugb-heading{margin-bottom:60px !important}}@media screen and (max-width:768px){.ugb-4b4deb0 .ugb-heading__title{font-size:30px !important}}<\/style><div class=\"ugb-inner-block\"><div class=\"ugb-block-content\"><h2 class=\"ugb-heading__title\">Los ult\u00edmos art\u00edculos del Blog<\/h2><\/div><\/div><\/div>\n\n\n\n<div class=\"wp-block-stackable-posts stk-block-posts stk-block stk-b8cccfd\" data-block-id=\"b8cccfd\"><style>.stk-b8cccfd-container .stk-img-wrapper{width:100% !important}.stk-b8cccfd{--stk-columns:3 !important}<\/style><div class=\"stk-inner-blocks stk-content-align stk-b8cccfd-column\"><div class=\"stk-block-posts__items\"><\/div><div class=\"stk-inner-blocks\"><\/div><\/div><\/div>\n\n\n\n<div class=\"wp-block-ugb-spacer ugb-spacer ugb-272d664 ugb-spacer--v2 ugb-main-block\"><style>@media screen and (min-width:768px){.ugb-272d664.ugb-spacer{height:70px !important}}<\/style><div class=\"ugb-inner-block\"><div class=\"ugb-block-content\"><div class=\"ugb-spacer--inner\"><\/div><\/div><\/div><\/div>\n\n\n\n<div class=\"wp-block-stackable-columns stk-block-columns stk-block stk-a5f95e6\" data-block-id=\"a5f95e6\"><div class=\"stk-row stk-inner-blocks stk-block-content stk-content-align stk-a5f95e6-column\">\n<div class=\"wp-block-stackable-column stk-block-column stk-column stk-block stk-932fbe2\" data-block-id=\"932fbe2\"><div class=\"stk-column-wrapper stk-block-column__content stk-container stk-932fbe2-container stk--no-background stk--no-padding\"><div class=\"stk-block-content stk-inner-blocks\"><\/div><\/div><\/div>\n\n\n\n<div class=\"wp-block-stackable-column stk-block-column stk-column stk-block stk-6fa46e5\" data-block-id=\"6fa46e5\"><div class=\"stk-column-wrapper stk-block-column__content stk-container stk-6fa46e5-container stk--no-background stk--no-padding\"><div class=\"stk-block-content stk-inner-blocks\">                <script type=\"text\/javascript\" src=\"https:\/\/static.mailerlite.com\/data\/webforms\/73361787991360685\/DYHdFG.js?v=1775612922\"><\/script>\n            \n<\/div><\/div><\/div>\n\n\n\n<div class=\"wp-block-stackable-column stk-block-column stk-column stk-block stk-3a894f9\" data-block-id=\"3a894f9\"><div class=\"stk-column-wrapper stk-block-column__content stk-container stk-3a894f9-container stk--no-background stk--no-padding\"><div class=\"stk-block-content stk-inner-blocks\"><\/div><\/div><\/div>\n<\/div><\/div>\n","protected":false},"excerpt":{"rendered":"<p>Dosis de Psicolog\u00eda Los ult\u00edmos art\u00edculos del Blog<\/p>\n","protected":false},"author":1,"featured_media":0,"parent":0,"menu_order":0,"comment_status":"closed","ping_status":"closed","template":"","meta":{"footnotes":""},"class_list":["post-7","page","type-page","status-publish","hentry"],"blocksy_meta":{"styles_descriptor":{"styles":{"desktop":"","tablet":"","mobile":""},"google_fonts":[],"version":6},"page_title_panel":"","has_hero_section":"disabled","6914431a4db9abc6a9ea0b47ad651a7a":"","hero_section":"type-1","hero_elements":[{"id":"custom_title","enabled":true,"heading_tag":"h1","title":"Home"},{"id":"custom_description","enabled":true,"description_visibility":{"desktop":true,"tablet":true,"mobile":false}},{"id":"custom_meta","enabled":false,"meta_elements":[{"id":"author","enabled":true,"label":"By","has_author_avatar":"yes","avatar_size":25},{"id":"post_date","enabled":true,"label":"On","date_format_source":"default","date_format":"M j, Y"},{"id":"comments","enabled":true}],"page_meta_elements":{"joined":true,"articles_count":true,"comments":true}},{"id":"breadcrumbs","enabled":false}],"1d8b0b710d8b464ceb24da27a1c96cd9":"","hero_alignment1":"CT_CSS_SKIP_RULE","hero_margin":40,"hero_alignment2":"center","hero_vertical_alignment":"center","e9b49885beec00eb3cdc6643dc80138b":"","hero_structure":"narrow","36f464cb92c3b3eec898d621033b5644":"","page_title_bg_type":"featured_image","custom_hero_background":{"attachment_id":null},"parallax":{"desktop":false,"tablet":false,"mobile":false},"0e50e613919fce3a963a1fa6bac671fb":"","hero_height":"250px","pageTitleFont":{"family":"Default","variation":"Default","size":{"desktop":"32px","tablet":"30px","mobile":"25px"},"line-height":"CT_CSS_SKIP_RULE","letter-spacing":"CT_CSS_SKIP_RULE","text-transform":"CT_CSS_SKIP_RULE","text-decoration":"CT_CSS_SKIP_RULE"},"pageTitleFontColor":{"default":{"color":"CT_CSS_SKIP_RULEDEFAULT"}},"7599437fe688b50a5c8aebf238dd359d":"","pageMetaFont":{"family":"Default","variation":"n6","size":"12px","line-height":"1.3","letter-spacing":"CT_CSS_SKIP_RULE","text-transform":"uppercase","text-decoration":"CT_CSS_SKIP_RULE"},"pageMetaFontColor":{"default":{"color":"CT_CSS_SKIP_RULEDEFAULT"},"hover":{"color":"CT_CSS_SKIP_RULEDEFAULT"}},"page_meta_button_type_font_colors":{"default":{"color":"CT_CSS_SKIP_RULEDEFAULT"},"hover":{"color":"CT_CSS_SKIP_RULEDEFAULT"}},"page_meta_button_type_background_colors":{"default":{"color":"CT_CSS_SKIP_RULEDEFAULT"},"hover":{"color":"CT_CSS_SKIP_RULEDEFAULT"}},"089d2130618d9e35125d2778ed7497dc":"","pageExcerptFont":{"family":"Default","variation":"Default","size":"CT_CSS_SKIP_RULE","line-height":"CT_CSS_SKIP_RULE","letter-spacing":"CT_CSS_SKIP_RULE","text-transform":"CT_CSS_SKIP_RULE","text-decoration":"CT_CSS_SKIP_RULE"},"pageExcerptColor":{"default":{"color":"CT_CSS_SKIP_RULEDEFAULT"}},"e1e55505104a00ca8f47869542ef36e1":"","breadcrumbsFont":{"family":"Default","variation":"n6","size":"12px","line-height":"CT_CSS_SKIP_RULE","letter-spacing":"CT_CSS_SKIP_RULE","text-transform":"uppercase","text-decoration":"CT_CSS_SKIP_RULE"},"breadcrumbsFontColor":{"default":{"color":"CT_CSS_SKIP_RULEDEFAULT"},"initial":{"color":"CT_CSS_SKIP_RULEDEFAULT"},"hover":{"color":"CT_CSS_SKIP_RULEDEFAULT"}},"54bb5be653eafe3aaae47797320c4c84":"","pageTitleOverlay":{"default":{"color":"CT_CSS_SKIP_RULE"}},"a28dc688b9549328463869206fdf5ebd":"","pageTitleBackground":{"background_type":"color","background_pattern":"type-1","background_image":{"attachment_id":null,"x":0,"y":0},"gradient":"linear-gradient(135deg,rgba(6,147,227,1) 0%,rgb(155,81,224) 100%)","background_repeat":"no-repeat","background_size":"auto","background_attachment":"scroll","patternColor":{"default":{"color":"#e5e7ea"}},"overlayColor":{"default":{"color":"CT_CSS_SKIP_RULE"}},"backgroundColor":{"default":{"color":"var(--theme-palette-color-6)"}}},"f1068f8fef8af6f809fca5f5aca545c5":"","pageTitlePadding":{"top":"50px","bottom":"50px","left":"auto","right":"auto","linked":true},"ec58162ea39c63700d5904840405d607":"","page_structure_type":"default","2a5326f81481e875311622f3eedfbddb":"","content_style_source":"inherit","content_style":"wide","vertical_spacing_source":"custom","content_area_spacing":"none","background":{"background_type":"color","background_pattern":"type-1","background_image":{"attachment_id":null,"x":0,"y":0},"gradient":"linear-gradient(135deg,rgba(6,147,227,1) 0%,rgb(155,81,224) 100%)","background_repeat":"no-repeat","background_size":"auto","background_attachment":"scroll","patternColor":{"default":{"color":"#e5e7ea"}},"overlayColor":{"default":{"color":"CT_CSS_SKIP_RULE"}},"backgroundColor":{"default":{"color":"CT_CSS_SKIP_RULE"}}},"content_background":{"background_type":"color","background_pattern":"type-1","background_image":{"attachment_id":null,"x":0,"y":0},"gradient":"linear-gradient(135deg,rgba(6,147,227,1) 0%,rgb(155,81,224) 100%)","background_repeat":"no-repeat","background_size":"auto","background_attachment":"scroll","patternColor":{"default":{"color":"#e5e7ea"}},"overlayColor":{"default":{"color":"CT_CSS_SKIP_RULE"}},"backgroundColor":{"default":{"color":"var(--theme-palette-color-8)"}}},"content_boxed_shadow":{"inherit":false,"blur":18,"spread":-6,"v_offset":12,"h_offset":0,"inset":false,"enable":true,"color":{"color":"rgba(34, 56, 101, 0.04)"}},"boxed_content_spacing":{"desktop":{"top":"40px","bottom":"40px","left":"40px","right":"40px","linked":true},"tablet":{"top":"35px","bottom":"35px","left":"35px","right":"35px","linked":true},"mobile":{"top":"20px","bottom":"20px","left":"20px","right":"20px","linked":true}},"content_boxed_radius":{"top":"3px","bottom":"3px","left":"3px","right":"3px","linked":true},"e48b3ba1a8dc11922300c25003cc4f2b":"","disable_featured_image":"no","disable_header":"no","disable_footer":"no"},"featured_image_urls_v2":{"full":"","thumbnail":"","medium":"","medium_large":"","large":"","1536x1536":"","2048x2048":"","web-stories-poster-portrait":"","web-stories-publisher-logo":"","web-stories-thumbnail":""},"post_excerpt_stackable_v2":"<p>Dosis de Psicolog\u00eda Los ult\u00edmos art\u00edculos del Blog<\/p>\n","category_list_v2":"","author_info_v2":{"name":"PsyDos","url":"https:\/\/psydos.com\/es\/author\/admin\/"},"comments_num_v2":"0 comentarios","_links":{"self":[{"href":"https:\/\/psydos.com\/es\/wp-json\/wp\/v2\/pages\/7","targetHints":{"allow":["GET"]}}],"collection":[{"href":"https:\/\/psydos.com\/es\/wp-json\/wp\/v2\/pages"}],"about":[{"href":"https:\/\/psydos.com\/es\/wp-json\/wp\/v2\/types\/page"}],"author":[{"embeddable":true,"href":"https:\/\/psydos.com\/es\/wp-json\/wp\/v2\/users\/1"}],"replies":[{"embeddable":true,"href":"https:\/\/psydos.com\/es\/wp-json\/wp\/v2\/comments?post=7"}],"version-history":[{"count":0,"href":"https:\/\/psydos.com\/es\/wp-json\/wp\/v2\/pages\/7\/revisions"}],"wp:attachment":[{"href":"https:\/\/psydos.com\/es\/wp-json\/wp\/v2\/media?parent=7"}],"curies":[{"name":"wp","href":"https:\/\/api.w.org\/{rel}","templated":true}]}}