{"id":11,"date":"2021-07-01T08:53:11","date_gmt":"2021-07-01T08:53:11","guid":{"rendered":"https:\/\/demo.creativethemes.com\/blocksy\/web-agency\/?page_id=11"},"modified":"2021-07-01T08:53:11","modified_gmt":"2021-07-01T08:53:11","slug":"about","status":"publish","type":"page","link":"https:\/\/psydos.com\/es\/about\/","title":{"rendered":"Sobre PsyDos"},"content":{"rendered":"\n<div class=\"wp-block-ugb-spacer ugb-spacer ugb-c94cfde ugb-spacer--v2 ugb-main-block\"><style>@media screen and (min-width:768px){.ugb-c94cfde.ugb-spacer{height:100px !important}}@media screen and (min-width:768px) and (max-width:1025px){.ugb-c94cfde.ugb-spacer{height:75px !important}}<\/style><div class=\"ugb-inner-block\"><div class=\"ugb-block-content\"><div class=\"ugb-spacer--inner\"><\/div><\/div><\/div><\/div>\n\n\n\n<div class=\"wp-block-ugb-container ugb-container ugb-e32dd5e ugb-container--v2 ugb-container--design-basic ugb-main-block\"><style>.ugb-e32dd5e-wrapper.ugb-container__wrapper{border-radius:25px !important;background-color:var(--theme-palette-color-2,#fd7c47) !important}.ugb-e32dd5e-wrapper.ugb-container__wrapper:before{background-color:var(--theme-palette-color-2,#fd7c47) !important}.ugb-e32dd5e-content-wrapper > h1,.ugb-e32dd5e-content-wrapper > h2,.ugb-e32dd5e-content-wrapper > h3,.ugb-e32dd5e-content-wrapper > h4,.ugb-e32dd5e-content-wrapper > h5,.ugb-e32dd5e-content-wrapper > h6{color:#222222}.ugb-e32dd5e-content-wrapper > p,.ugb-e32dd5e-content-wrapper > ol li,.ugb-e32dd5e-content-wrapper > ul li{color:#222222}@media screen and (min-width:768px){.ugb-e32dd5e.ugb-container{margin-bottom:0px !important}}@media screen and (max-width:768px){.ugb-e32dd5e.ugb-container{margin-bottom:0px !important}}@media screen and (min-width:768px){.ugb-e32dd5e > .ugb-inner-block > .ugb-block-content > *{padding-top:5% !important;padding-bottom:5% !important;padding-right:5% !important;padding-left:5% !important}}@media screen and (max-width:768px){.ugb-e32dd5e > .ugb-inner-block > .ugb-block-content > *{padding-top:10% !important;padding-right:10% !important;padding-bottom:10% !important;padding-left:10% !important}}<\/style><div class=\"ugb-inner-block\"><div class=\"ugb-block-content\"><div class=\"ugb-container__wrapper ugb-e32dd5e-wrapper ugb--shadow-0\"><div class=\"ugb-container__side\"><div class=\"ugb-container__content-wrapper ugb-e32dd5e-content-wrapper\">\n<div class=\"wp-block-ugb-columns ugb-columns ugb-74f632a ugb-columns--design-plain ugb-columns--columns-2 ugb-main-block\"><style>.ugb-74f632a > .ugb-inner-block > .ugb-block-content > .ugb-columns__item{grid-template-columns:1.30fr 0.70fr !important}<\/style><div class=\"ugb-inner-block\"><div class=\"ugb-block-content\"><div class=\"ugb-columns__item ugb-74f632a-content-wrapper\">\n<div class=\"wp-block-ugb-column ugb-column ugb-2c93ea8 ugb-column--design-plain ugb-main-block\"><style>.ugb-2c93ea8 > .ugb-inner-block > .ugb-block-content > *{justify-content:center !important}<\/style><div class=\"ugb-inner-block\"><div class=\"ugb-block-content\"><div class=\"ugb-column__item ugb-2c93ea8-column-wrapper\"><div class=\"ugb-column__content-wrapper\">\n<div class=\"wp-block-ugb-heading ugb-heading ugb-ffefc7a ugb-main-block\"><style>.ugb-ffefc7a .ugb-heading__title{font-size:40px !important}.ugb-ffefc7a .ugb-heading__subtitle{font-size:20px !important;color:var(--theme-palette-color-4,#000000);margin-bottom:0px !important}@media screen and (max-width:1025px){.ugb-ffefc7a .ugb-heading__title{font-size:30px !important}}@media screen and (max-width:768px){.ugb-ffefc7a .ugb-heading__title{text-align:center}.ugb-ffefc7a .ugb-inner-block{text-align:center}}<\/style><div class=\"ugb-inner-block\"><div class=\"ugb-block-content\"><h2 class=\"ugb-heading__title\">\u00bfQu\u00e9 es PsyDos?<\/h2><p class=\"ugb-heading__subtitle\">PsyDos es una p\u00e1gina de bienestar psic\u00f3logico que ofrece a los lectores una dosis de psicolog\u00eda (en forma de art\u00edculos, noticias, im\u00e1genes y material de autoayuda) informativa y pr\u00e1ctica.<\/p><\/div><\/div><\/div>\n<\/div><\/div><\/div><\/div><\/div>\n\n\n\n<div class=\"wp-block-ugb-column ugb-column ugb-041d847 ugb-column--design-plain ugb-main-block\"><style>.ugb-041d847 > .ugb-inner-block > .ugb-block-content > *{justify-content:center !important}<\/style><div class=\"ugb-inner-block\"><div class=\"ugb-block-content\"><div class=\"ugb-column__item ugb-041d847-column-wrapper\"><div class=\"ugb-column__content-wrapper\">\n<div class=\"wp-block-ugb-icon ugb-icon ugb-9f77ea4 ugb-icon--v2 ugb-icon--design-basic ugb-main-block\"><style>.ugb-9f77ea4 .ugb-icon__icon .ugb-icon-inner-svg,.ugb-9f77ea4 .ugb-icon__icon .ugb-icon-inner-svg svg{width:120px !important;height:120px !important}.ugb-9f77ea4 .ugb-icon__icon .ugb-icon-inner-svg{color:var(--theme-palette-color-8,#ffffff) !important}.ugb-9f77ea4 .ugb-icon__icon{margin-bottom:0px !important}@media screen and (min-width:768px){.ugb-9f77ea4.ugb-icon{margin-bottom:0px !important}}@media screen and (max-width:768px){.ugb-9f77ea4.ugb-icon{margin-bottom:0px !important}}.ugb-9f77ea4 .ugb-icon__icon .ugb-icon-inner-svg,.ugb-9f77ea4 .ugb-icon__icon .ugb-icon-inner-svg svg *{color:var(--theme-palette-color-8,#ffffff) !important;fill:var(--theme-palette-color-8,#ffffff) !important}<\/style><div class=\"ugb-inner-block\"><div class=\"ugb-block-content\"><div class=\"ugb-icon__content-wrapper\"><div class=\"ugb-icon__item ugb-icon__item1\"><div class=\"ugb-icon__icon\"><div class=\"ugb-icon-inner-svg\"><\/div><\/div><\/div><\/div><\/div><\/div><\/div>\n\n\n\n<div class=\"wp-block-stackable-image stk-block-image stk-block stk-d20d5e8\" data-block-id=\"d20d5e8\"><figure class=\"stk-img-wrapper stk-image--shape-stretch\"><img decoding=\"async\" class=\"stk-img wp-image-1090\" src=\"https:\/\/psydos.com\/wp-content\/uploads\/2022\/01\/PsyDos-Logo.png\" width=\"500\" height=\"500\" srcset=\"https:\/\/psydos.com\/es\/wp-content\/uploads\/sites\/2\/2022\/01\/PsyDos-Logo.png 500w, https:\/\/psydos.com\/es\/wp-content\/uploads\/sites\/2\/2022\/01\/PsyDos-Logo-300x300.png 300w, https:\/\/psydos.com\/es\/wp-content\/uploads\/sites\/2\/2022\/01\/PsyDos-Logo-150x150.png 150w\" sizes=\"(max-width: 500px) 100vw, 500px\" \/><\/figure><\/div>\n\n\n\n<p><\/p>\n<\/div><\/div><\/div><\/div><\/div>\n<\/div><\/div><\/div><\/div>\n<\/div><\/div><\/div><\/div><\/div><\/div>\n\n\n\n<div class=\"wp-block-ugb-spacer ugb-spacer ugb-eba6579 ugb-spacer--v2 ugb-main-block ugb--hide-mobile\"><style>@media screen and (min-width:768px){.ugb-eba6579.ugb-spacer{height:100px !important}}@media screen and (min-width:768px) and (max-width:1025px){.ugb-eba6579.ugb-spacer{height:20px !important}}<\/style><div class=\"ugb-inner-block\"><div class=\"ugb-block-content\"><div class=\"ugb-spacer--inner\"><\/div><\/div><\/div><\/div>\n\n\n\n<p><\/p>\n","protected":false},"excerpt":{"rendered":"<p>\u00bfQu\u00e9 es PsyDos? PsyDos es una p\u00e1gina de bienestar psic\u00f3logico que ofrece a los lectores una dosis de psicolog\u00eda (en forma de art\u00edculos, noticias, im\u00e1genes y material de autoayuda) informativa y pr\u00e1ctica.<\/p>\n","protected":false},"author":1,"featured_media":0,"parent":0,"menu_order":0,"comment_status":"closed","ping_status":"closed","template":"","meta":{"footnotes":""},"class_list":["post-11","page","type-page","status-publish","hentry"],"blocksy_meta":{"styles_descriptor":{"styles":{"desktop":"","tablet":"","mobile":""},"google_fonts":[],"version":6},"page_title_panel":"","has_hero_section":"disabled","36b34a2b82f6294e3e2de21c34811ec0":"","hero_section":"type-1","hero_elements":[{"id":"custom_title","enabled":true,"heading_tag":"h1","title":"Home"},{"id":"custom_description","enabled":true,"description_visibility":{"desktop":true,"tablet":true,"mobile":false}},{"id":"custom_meta","enabled":false,"meta_elements":[{"id":"author","enabled":true,"label":"By","has_author_avatar":"yes","avatar_size":25},{"id":"post_date","enabled":true,"label":"On","date_format_source":"default","date_format":"M j, Y"},{"id":"comments","enabled":true}],"page_meta_elements":{"joined":true,"articles_count":true,"comments":true}},{"id":"breadcrumbs","enabled":false}],"2b2da7fd2de87c365a7ca8a6bfbea559":"","hero_alignment1":"CT_CSS_SKIP_RULE","hero_margin":40,"hero_alignment2":"center","hero_vertical_alignment":"center","bcac01a31d2f4852a9a8554498cc5a32":"","hero_structure":"narrow","030cdf5877f4493ad23baddbfd97749a":"","page_title_bg_type":"featured_image","custom_hero_background":{"attachment_id":null},"parallax":{"desktop":false,"tablet":false,"mobile":false},"3401eb9bf4dfb07c3a217fd07f70dcfe":"","hero_height":"250px","pageTitleFont":{"family":"Default","variation":"Default","size":{"desktop":"32px","tablet":"30px","mobile":"25px"},"line-height":"CT_CSS_SKIP_RULE","letter-spacing":"CT_CSS_SKIP_RULE","text-transform":"CT_CSS_SKIP_RULE","text-decoration":"CT_CSS_SKIP_RULE"},"pageTitleFontColor":{"default":{"color":"CT_CSS_SKIP_RULEDEFAULT"}},"6bbfe08e61c86b0731c579ee77b9ad83":"","pageMetaFont":{"family":"Default","variation":"n6","size":"12px","line-height":"1.3","letter-spacing":"CT_CSS_SKIP_RULE","text-transform":"uppercase","text-decoration":"CT_CSS_SKIP_RULE"},"pageMetaFontColor":{"default":{"color":"CT_CSS_SKIP_RULEDEFAULT"},"hover":{"color":"CT_CSS_SKIP_RULEDEFAULT"}},"page_meta_button_type_font_colors":{"default":{"color":"CT_CSS_SKIP_RULEDEFAULT"},"hover":{"color":"CT_CSS_SKIP_RULEDEFAULT"}},"page_meta_button_type_background_colors":{"default":{"color":"CT_CSS_SKIP_RULEDEFAULT"},"hover":{"color":"CT_CSS_SKIP_RULEDEFAULT"}},"eda6c504594e9fb21786101ff85abe68":"","pageExcerptFont":{"family":"Default","variation":"Default","size":"CT_CSS_SKIP_RULE","line-height":"CT_CSS_SKIP_RULE","letter-spacing":"CT_CSS_SKIP_RULE","text-transform":"CT_CSS_SKIP_RULE","text-decoration":"CT_CSS_SKIP_RULE"},"pageExcerptColor":{"default":{"color":"CT_CSS_SKIP_RULEDEFAULT"}},"30f938c479a52f436af91f1dbb30cb74":"","breadcrumbsFont":{"family":"Default","variation":"n6","size":"12px","line-height":"CT_CSS_SKIP_RULE","letter-spacing":"CT_CSS_SKIP_RULE","text-transform":"uppercase","text-decoration":"CT_CSS_SKIP_RULE"},"breadcrumbsFontColor":{"default":{"color":"CT_CSS_SKIP_RULEDEFAULT"},"initial":{"color":"CT_CSS_SKIP_RULEDEFAULT"},"hover":{"color":"CT_CSS_SKIP_RULEDEFAULT"}},"d33e7d4152223e8f62709b9f6824d81d":"","pageTitleOverlay":{"default":{"color":"CT_CSS_SKIP_RULE"}},"0d55cd8cd6089703f4af2a39fcb28954":"","pageTitleBackground":{"background_type":"color","background_pattern":"type-1","background_image":{"attachment_id":null,"x":0,"y":0},"gradient":"linear-gradient(135deg,rgba(6,147,227,1) 0%,rgb(155,81,224) 100%)","background_repeat":"no-repeat","background_size":"auto","background_attachment":"scroll","patternColor":{"default":{"color":"#e5e7ea"}},"overlayColor":{"default":{"color":"CT_CSS_SKIP_RULE"}},"backgroundColor":{"default":{"color":"var(--theme-palette-color-6)"}}},"1d627598c6717d6e2dcf23aafd9a898d":"","pageTitlePadding":{"top":"50px","bottom":"50px","left":"auto","right":"auto","linked":true},"aa4ceaea6f0ceb1f77fe8cd203849fe7":"","page_structure_type":"default","7e179a3a518f606b01b3950624e6de1f":"","content_style_source":"inherit","content_style":"wide","vertical_spacing_source":"custom","content_area_spacing":"none","background":{"background_type":"color","background_pattern":"type-1","background_image":{"attachment_id":null,"x":0,"y":0},"gradient":"linear-gradient(135deg,rgba(6,147,227,1) 0%,rgb(155,81,224) 100%)","background_repeat":"no-repeat","background_size":"auto","background_attachment":"scroll","patternColor":{"default":{"color":"#e5e7ea"}},"overlayColor":{"default":{"color":"CT_CSS_SKIP_RULE"}},"backgroundColor":{"default":{"color":"CT_CSS_SKIP_RULE"}}},"content_background":{"background_type":"color","background_pattern":"type-1","background_image":{"attachment_id":null,"x":0,"y":0},"gradient":"linear-gradient(135deg,rgba(6,147,227,1) 0%,rgb(155,81,224) 100%)","background_repeat":"no-repeat","background_size":"auto","background_attachment":"scroll","patternColor":{"default":{"color":"#e5e7ea"}},"overlayColor":{"default":{"color":"CT_CSS_SKIP_RULE"}},"backgroundColor":{"default":{"color":"var(--theme-palette-color-8)"}}},"content_boxed_shadow":{"inherit":false,"blur":18,"spread":-6,"v_offset":12,"h_offset":0,"inset":false,"enable":true,"color":{"color":"rgba(34, 56, 101, 0.04)"}},"boxed_content_spacing":{"desktop":{"top":"40px","bottom":"40px","left":"40px","right":"40px","linked":true},"tablet":{"top":"35px","bottom":"35px","left":"35px","right":"35px","linked":true},"mobile":{"top":"20px","bottom":"20px","left":"20px","right":"20px","linked":true}},"content_boxed_radius":{"top":"3px","bottom":"3px","left":"3px","right":"3px","linked":true},"ba2c2bab8fef3a52ed6471f6975be2b3":"","disable_featured_image":"no","disable_header":"no","disable_footer":"no"},"featured_image_urls_v2":{"full":"","thumbnail":"","medium":"","medium_large":"","large":"","1536x1536":"","2048x2048":"","web-stories-poster-portrait":"","web-stories-publisher-logo":"","web-stories-thumbnail":""},"post_excerpt_stackable_v2":"<p>\u00bfQu\u00e9 es PsyDos?PsyDos es una p\u00e1gina de bienestar psic\u00f3logico que ofrece a los lectores una dosis de psicolog\u00eda (en forma de art\u00edculos, noticias, im\u00e1genes y material de autoayuda) informativa y pr\u00e1ctica.<\/p>\n","category_list_v2":"","author_info_v2":{"name":"PsyDos","url":"https:\/\/psydos.com\/es\/author\/admin\/"},"comments_num_v2":"0 comentarios","_links":{"self":[{"href":"https:\/\/psydos.com\/es\/wp-json\/wp\/v2\/pages\/11","targetHints":{"allow":["GET"]}}],"collection":[{"href":"https:\/\/psydos.com\/es\/wp-json\/wp\/v2\/pages"}],"about":[{"href":"https:\/\/psydos.com\/es\/wp-json\/wp\/v2\/types\/page"}],"author":[{"embeddable":true,"href":"https:\/\/psydos.com\/es\/wp-json\/wp\/v2\/users\/1"}],"replies":[{"embeddable":true,"href":"https:\/\/psydos.com\/es\/wp-json\/wp\/v2\/comments?post=11"}],"version-history":[{"count":0,"href":"https:\/\/psydos.com\/es\/wp-json\/wp\/v2\/pages\/11\/revisions"}],"wp:attachment":[{"href":"https:\/\/psydos.com\/es\/wp-json\/wp\/v2\/media?parent=11"}],"curies":[{"name":"wp","href":"https:\/\/api.w.org\/{rel}","templated":true}]}}